{"id":78,"date":"2026-02-01T20:19:45","date_gmt":"2026-02-01T20:19:45","guid":{"rendered":"http:\/\/ibfts_en.test\/?page_id=78"},"modified":"2026-02-08T12:26:59","modified_gmt":"2026-02-08T12:26:59","slug":"lempreinte-africaine","status":"publish","type":"page","link":"https:\/\/ibfs.gov.ly\/en\/lempreinte-africaine\/","title":{"rendered":"L&#8217;empreinte africaine"},"content":{"rendered":"<p><strong>L\u2019impact africain <\/strong><\/p>\n<p>La Libye a port\u00e9 de nombreux noms au cours de son histoire, notamment le Royaume de Libye et la Libye verte. Parmi les plus prestigieux figure l\u2019appellation \u00ab Porte d\u2019entr\u00e9e de l\u2019Afrique \u00bb, un titre inspir\u00e9 par sa position g\u00e9ographique strat\u00e9gique et ses liens profonds avec le continent africain.<\/p>\n<p>De g\u00e9n\u00e9ration en g\u00e9n\u00e9ration, la Libye a toujours tendu la main aux nations africaines, favorisant l\u2019\u00e9tablissement de relations politiques, \u00e9conomiques et culturelles solides. Ce r\u00f4le de premier plan a forg\u00e9 chez la Libye un profond sens des responsabilit\u00e9s \u00e0 l\u2019\u00e9gard du d\u00e9veloppement et de la stabilit\u00e9 de l\u2019Afrique.<\/p>\n<p>Dans le domaine financier, la Libye a r\u00e9alis\u00e9 d\u2019importants investissements \u00e0 travers le continent. Les contributions libyennes aux banques africaines sont pr\u00e9sentes dans de nombreux pays, contribuant activement \u00e0 la croissance \u00e9conomique et \u00e0 l\u2019inclusion financi\u00e8re.<\/p>\n<p>Dans le prolongement de cette vision nationale, l\u2019Institut de formation et d\u2019\u00e9tudes bancaires et financi\u00e8res (IBFTS), institution libyenne de premier plan jouissant d\u2019une solide r\u00e9putation dans le domaine de la formation financi\u00e8re, assume cette m\u00eame responsabilit\u00e9. Anim\u00e9 par son engagement en faveur de l\u2019excellence, du transfert de connaissances et du renforcement des capacit\u00e9s, l\u2019IBFTS s\u2019appr\u00eate \u00e0 ouvrir ses portes au secteur financier africain, dans le but de proposer des formations de haute qualit\u00e9, de d\u00e9velopper le capital humain et de soutenir la croissance institutionnelle \u00e0 l\u2019\u00e9chelle du continent.<\/p>\n<p>\u00c0 travers cette initiative, l\u2019IBFTS ambitionne de cr\u00e9er un impact durable et significatif, consolidant ainsi le r\u00f4le historique de la Libye en tant que porte d\u2019entr\u00e9e de l\u2019Afrique.<\/p>\n<p style=\"text-align: center;\"><img loading=\"lazy\" decoding=\"async\" class=\"aligncenter wp-image-215 size-large\" src=\"https:\/\/ibfs.gov.ly\/en\/wp-content\/uploads\/2026\/02\/17705525625921-786x1024.png\" alt=\"\" width=\"640\" height=\"834\" srcset=\"https:\/\/ibfs.gov.ly\/en\/wp-content\/uploads\/2026\/02\/17705525625921-786x1024.png 786w, https:\/\/ibfs.gov.ly\/en\/wp-content\/uploads\/2026\/02\/17705525625921-230x300.png 230w, https:\/\/ibfs.gov.ly\/en\/wp-content\/uploads\/2026\/02\/17705525625921-768x1001.png 768w, https:\/\/ibfs.gov.ly\/en\/wp-content\/uploads\/2026\/02\/17705525625921-1178x1536.png 1178w, https:\/\/ibfs.gov.ly\/en\/wp-content\/uploads\/2026\/02\/17705525625921-1571x2048.png 1571w, https:\/\/ibfs.gov.ly\/en\/wp-content\/uploads\/2026\/02\/17705525625921.png 1792w\" sizes=\"auto, (max-width: 640px) 100vw, 640px\" \/><\/p>\n","protected":false},"excerpt":{"rendered":"<p>L\u2019impact africain La Libye a port\u00e9 de nombreux noms au cours de son histoire, notamment le Royaume de Libye et la Libye verte. Parmi les plus prestigieux figure l\u2019appellation \u00ab Porte d\u2019entr\u00e9e de l\u2019Afrique \u00bb, un titre inspir\u00e9 par sa position g\u00e9ographique strat\u00e9gique et ses liens profonds avec le continent africain. De g\u00e9n\u00e9ration en g\u00e9n\u00e9ration, [&hellip;]<\/p>\n","protected":false},"author":1,"featured_media":0,"parent":0,"menu_order":0,"comment_status":"closed","ping_status":"closed","template":"","meta":{"footnotes":""},"class_list":["post-78","page","type-page","status-publish","hentry"],"_links":{"self":[{"href":"https:\/\/ibfs.gov.ly\/en\/wp-json\/wp\/v2\/pages\/78","targetHints":{"allow":["GET"]}}],"collection":[{"href":"https:\/\/ibfs.gov.ly\/en\/wp-json\/wp\/v2\/pages"}],"about":[{"href":"https:\/\/ibfs.gov.ly\/en\/wp-json\/wp\/v2\/types\/page"}],"author":[{"embeddable":true,"href":"https:\/\/ibfs.gov.ly\/en\/wp-json\/wp\/v2\/users\/1"}],"replies":[{"embeddable":true,"href":"https:\/\/ibfs.gov.ly\/en\/wp-json\/wp\/v2\/comments?post=78"}],"version-history":[{"count":6,"href":"https:\/\/ibfs.gov.ly\/en\/wp-json\/wp\/v2\/pages\/78\/revisions"}],"predecessor-version":[{"id":218,"href":"https:\/\/ibfs.gov.ly\/en\/wp-json\/wp\/v2\/pages\/78\/revisions\/218"}],"wp:attachment":[{"href":"https:\/\/ibfs.gov.ly\/en\/wp-json\/wp\/v2\/media?parent=78"}],"curies":[{"name":"wp","href":"https:\/\/api.w.org\/{rel}","templated":true}]}}